{"id":365,"date":"2025-02-13T10:29:07","date_gmt":"2025-02-13T13:29:07","guid":{"rendered":"https:\/\/ralesur.com.uy\/?page_id=365"},"modified":"2026-03-25T14:57:28","modified_gmt":"2026-03-25T17:57:28","slug":"grupo-ralesur","status":"publish","type":"page","link":"https:\/\/ralesur.com.uy\/en\/grupo-ralesur\/","title":{"rendered":"Ralesur Group"},"content":{"rendered":"<div data-elementor-type=\"wp-page\" data-elementor-id=\"365\" class=\"elementor elementor-365\" data-elementor-post-type=\"page\">\n\t\t\t\t\t\t<section class=\"elementor-section elementor-top-section elementor-element elementor-element-4bf6396 elementor-section-boxed elementor-section-height-default elementor-section-height-default\" data-id=\"4bf6396\" data-element_type=\"section\" data-e-type=\"section\" data-settings=\"{&quot;background_background&quot;:&quot;classic&quot;}\">\n\t\t\t\t\t\t\t<div class=\"elementor-background-overlay\"><\/div>\n\t\t\t\t\t\t\t<div class=\"elementor-container elementor-column-gap-default\">\n\t\t\t\t\t<div class=\"elementor-column elementor-col-100 elementor-top-column elementor-element elementor-element-109ede6\" data-id=\"109ede6\" data-element_type=\"column\" data-e-type=\"column\">\n\t\t\t<div class=\"elementor-widget-wrap elementor-element-populated\">\n\t\t\t\t\t\t<div class=\"elementor-element elementor-element-3dd27d5 elementor-widget elementor-widget-heading\" data-id=\"3dd27d5\" data-element_type=\"widget\" data-e-type=\"widget\" data-widget_type=\"heading.default\">\n\t\t\t\t<div class=\"elementor-widget-container\">\n\t\t\t\t\t<h2 class=\"elementor-heading-title elementor-size-default\">Mission, Vision and Values<\/h2>\t\t\t\t<\/div>\n\t\t\t\t<\/div>\n\t\t\t\t\t<\/div>\n\t\t<\/div>\n\t\t\t\t\t<\/div>\n\t\t<\/section>\n\t\t\t\t<section class=\"elementor-section elementor-top-section elementor-element elementor-element-1a48206 elementor-section-boxed elementor-section-height-default elementor-section-height-default\" data-id=\"1a48206\" data-element_type=\"section\" data-e-type=\"section\">\n\t\t\t\t\t\t<div class=\"elementor-container elementor-column-gap-default\">\n\t\t\t\t\t<div class=\"elementor-column elementor-col-50 elementor-top-column elementor-element elementor-element-7a5cc01 elementor-hidden-mobile\" data-id=\"7a5cc01\" data-element_type=\"column\" data-e-type=\"column\" data-settings=\"{&quot;background_background&quot;:&quot;classic&quot;}\">\n\t\t\t<div class=\"elementor-widget-wrap\">\n\t\t\t\t\t<div class=\"elementor-background-overlay\"><\/div>\n\t\t\t\t\t\t\t<\/div>\n\t\t<\/div>\n\t\t\t\t<div class=\"elementor-column elementor-col-50 elementor-top-column elementor-element elementor-element-d5418f9\" data-id=\"d5418f9\" data-element_type=\"column\" data-e-type=\"column\">\n\t\t\t<div class=\"elementor-widget-wrap elementor-element-populated\">\n\t\t\t\t\t\t<div class=\"elementor-element elementor-element-cab58dd elementor-view-stacked elementor-position-inline-start elementor-shape-circle elementor-mobile-position-block-start elementor-widget elementor-widget-icon-box\" data-id=\"cab58dd\" data-element_type=\"widget\" data-e-type=\"widget\" data-widget_type=\"icon-box.default\">\n\t\t\t\t<div class=\"elementor-widget-container\">\n\t\t\t\t\t\t\t<div class=\"elementor-icon-box-wrapper\">\n\n\t\t\t\t\t\t<div class=\"elementor-icon-box-icon\">\n\t\t\t\t<span  class=\"elementor-icon\">\n\t\t\t\t<i aria-hidden=\"true\" class=\"far fa-lightbulb\"><\/i>\t\t\t\t<\/span>\n\t\t\t<\/div>\n\t\t\t\n\t\t\t\t\t\t<div class=\"elementor-icon-box-content\">\n\n\t\t\t\t\t\t\t\t\t<h3 class=\"elementor-icon-box-title\">\n\t\t\t\t\t\t<span  >\n\t\t\t\t\t\t\tMission\t\t\t\t\t\t<\/span>\n\t\t\t\t\t<\/h3>\n\t\t\t\t\n\t\t\t\t\t\t\t\t\t<p class=\"elementor-icon-box-description\">\n\t\t\t\t\t\tContribute to the growth of our clients by applying the concept of 360 logistics.<br \/>\t\t\t\t\t<\/p>\n\t\t\t\t\n\t\t\t<\/div>\n\t\t\t\n\t\t<\/div>\n\t\t\t\t\t\t<\/div>\n\t\t\t\t<\/div>\n\t\t\t\t<div class=\"elementor-element elementor-element-182e84f elementor-view-stacked elementor-position-inline-start elementor-shape-circle elementor-mobile-position-block-start elementor-widget elementor-widget-icon-box\" data-id=\"182e84f\" data-element_type=\"widget\" data-e-type=\"widget\" data-widget_type=\"icon-box.default\">\n\t\t\t\t<div class=\"elementor-widget-container\">\n\t\t\t\t\t\t\t<div class=\"elementor-icon-box-wrapper\">\n\n\t\t\t\t\t\t<div class=\"elementor-icon-box-icon\">\n\t\t\t\t<span  class=\"elementor-icon\">\n\t\t\t\t<i aria-hidden=\"true\" class=\"far fa-eye\"><\/i>\t\t\t\t<\/span>\n\t\t\t<\/div>\n\t\t\t\n\t\t\t\t\t\t<div class=\"elementor-icon-box-content\">\n\n\t\t\t\t\t\t\t\t\t<h3 class=\"elementor-icon-box-title\">\n\t\t\t\t\t\t<span  >\n\t\t\t\t\t\t\tVision\t\t\t\t\t\t<\/span>\n\t\t\t\t\t<\/h3>\n\t\t\t\t\n\t\t\t\t\t\t\t\t\t<p class=\"elementor-icon-box-description\">\n\t\t\t\t\t\tOur commitment is to be your best option, your best experience.<br \/>\t\t\t\t\t<\/p>\n\t\t\t\t\n\t\t\t<\/div>\n\t\t\t\n\t\t<\/div>\n\t\t\t\t\t\t<\/div>\n\t\t\t\t<\/div>\n\t\t\t\t<div class=\"elementor-element elementor-element-768e4fa elementor-view-stacked elementor-position-inline-start elementor-shape-circle elementor-mobile-position-block-start elementor-widget elementor-widget-icon-box\" data-id=\"768e4fa\" data-element_type=\"widget\" data-e-type=\"widget\" data-widget_type=\"icon-box.default\">\n\t\t\t\t<div class=\"elementor-widget-container\">\n\t\t\t\t\t\t\t<div class=\"elementor-icon-box-wrapper\">\n\n\t\t\t\t\t\t<div class=\"elementor-icon-box-icon\">\n\t\t\t\t<span  class=\"elementor-icon\">\n\t\t\t\t<i aria-hidden=\"true\" class=\"fas fa-check\"><\/i>\t\t\t\t<\/span>\n\t\t\t<\/div>\n\t\t\t\n\t\t\t\t\t\t<div class=\"elementor-icon-box-content\">\n\n\t\t\t\t\t\t\t\t\t<h3 class=\"elementor-icon-box-title\">\n\t\t\t\t\t\t<span  >\n\t\t\t\t\t\t\tValues\t\t\t\t\t\t<\/span>\n\t\t\t\t\t<\/h3>\n\t\t\t\t\n\t\t\t\t\t\t\t\t\t<p class=\"elementor-icon-box-description\">\n\t\t\t\t\t\tPeople<br \/>\nIntegrity<br \/>\nTrust<br \/>\nFlexibility<br \/>\nInnovation<br \/>\nProactivity<br \/>\nQuality<br \/>\t\t\t\t\t<\/p>\n\t\t\t\t\n\t\t\t<\/div>\n\t\t\t\n\t\t<\/div>\n\t\t\t\t\t\t<\/div>\n\t\t\t\t<\/div>\n\t\t\t\t\t<\/div>\n\t\t<\/div>\n\t\t\t\t\t<\/div>\n\t\t<\/section>\n\t\t\t\t<section class=\"elementor-section elementor-top-section elementor-element elementor-element-6b4447e elementor-section-boxed elementor-section-height-default elementor-section-height-default\" data-id=\"6b4447e\" data-element_type=\"section\" data-e-type=\"section\" data-settings=\"{&quot;background_background&quot;:&quot;classic&quot;}\">\n\t\t\t\t\t\t<div class=\"elementor-container elementor-column-gap-default\">\n\t\t\t\t\t<div class=\"elementor-column elementor-col-100 elementor-top-column elementor-element elementor-element-8894104\" data-id=\"8894104\" data-element_type=\"column\" data-e-type=\"column\">\n\t\t\t<div class=\"elementor-widget-wrap elementor-element-populated\">\n\t\t\t\t\t\t<div class=\"elementor-element elementor-element-24b9d3c elementor-view-default elementor-widget elementor-widget-icon\" data-id=\"24b9d3c\" data-element_type=\"widget\" data-e-type=\"widget\" data-widget_type=\"icon.default\">\n\t\t\t\t<div class=\"elementor-widget-container\">\n\t\t\t\t\t\t\t<div class=\"elementor-icon-wrapper\">\n\t\t\t<div class=\"elementor-icon\">\n\t\t\t<svg xmlns=\"http:\/\/www.w3.org\/2000\/svg\" width=\"48\" height=\"48\" viewbox=\"0 0 48 48\" fill=\"none\"><path d=\"M17.2 45L13.4 38.6L6.2 37L6.9 29.6L2 24L6.9 18.4L6.2 11L13.4 9.4L17.2 3L24 5.9L30.8 3L34.6 9.4L41.8 11L41.1 18.4L46 24L41.1 29.6L41.8 37L34.6 38.6L30.8 45L24 42.1L17.2 45ZM18.9 39.9L24 37.7L29.2 39.9L32 35.1L37.5 33.8L37 28.2L40.7 24L37 19.7L37.5 14.1L32 12.9L29.1 8.1L24 10.3L18.8 8.1L16 12.9L10.5 14.1L11 19.7L7.3 24L11 28.2L10.5 33.9L16 35.1L18.9 39.9ZM21.9 31.1L33.2 19.8L30.4 16.9L21.9 25.4L17.6 21.2L14.8 24L21.9 31.1Z\" fill=\"white\"><\/path><\/svg>\t\t\t<\/div>\n\t\t<\/div>\n\t\t\t\t\t\t<\/div>\n\t\t\t\t<\/div>\n\t\t\t\t<div class=\"elementor-element elementor-element-fa65c4c elementor-widget elementor-widget-heading\" data-id=\"fa65c4c\" data-element_type=\"widget\" data-e-type=\"widget\" data-widget_type=\"heading.default\">\n\t\t\t\t<div class=\"elementor-widget-container\">\n\t\t\t\t\t<h3 class=\"elementor-heading-title elementor-size-default\">Accede y conoce nuestra pol\u00edtica de gesti\u00f3n integrada.\n<\/h3>\t\t\t\t<\/div>\n\t\t\t\t<\/div>\n\t\t\t\t<div class=\"elementor-element elementor-element-08c50de elementor-align-center animated-slow elementor-invisible elementor-widget elementor-widget-button\" data-id=\"08c50de\" data-element_type=\"widget\" data-e-type=\"widget\" data-settings=\"{&quot;_animation&quot;:&quot;fadeInDown&quot;}\" data-widget_type=\"button.default\">\n\t\t\t\t<div class=\"elementor-widget-container\">\n\t\t\t\t\t\t\t\t\t<div class=\"elementor-button-wrapper\">\n\t\t\t\t\t<a class=\"elementor-button elementor-button-link elementor-size-sm\" href=\"http:\/\/ralesur.com.uy\/wp-content\/uploads\/2026\/03\/POLITICA-SGI.pdf\">\n\t\t\t\t\t\t<span class=\"elementor-button-content-wrapper\">\n\t\t\t\t\t\t\t\t\t<span class=\"elementor-button-text\">Ver documento<\/span>\n\t\t\t\t\t<\/span>\n\t\t\t\t\t<\/a>\n\t\t\t\t<\/div>\n\t\t\t\t\t\t\t\t<\/div>\n\t\t\t\t<\/div>\n\t\t\t\t\t<\/div>\n\t\t<\/div>\n\t\t\t\t\t<\/div>\n\t\t<\/section>\n\t\t\t\t<section class=\"elementor-section elementor-top-section elementor-element elementor-element-0568bd8 elementor-section-boxed elementor-section-height-default elementor-section-height-default\" data-id=\"0568bd8\" data-element_type=\"section\" data-e-type=\"section\">\n\t\t\t\t\t\t<div class=\"elementor-container elementor-column-gap-default\">\n\t\t\t\t\t<div class=\"elementor-column elementor-col-100 elementor-top-column elementor-element elementor-element-2230a6a\" data-id=\"2230a6a\" data-element_type=\"column\" data-e-type=\"column\">\n\t\t\t<div class=\"elementor-widget-wrap elementor-element-populated\">\n\t\t\t\t\t\t<div class=\"elementor-element elementor-element-42c9414 elementor-absolute quote-block elementor-widget elementor-widget-text-editor\" data-id=\"42c9414\" data-element_type=\"widget\" data-e-type=\"widget\" data-settings=\"{&quot;_position&quot;:&quot;absolute&quot;}\" data-widget_type=\"text-editor.default\">\n\t\t\t\t<div class=\"elementor-widget-container\">\n\t\t\t\t\t\t\t\t\t<p style=\"font-size: 34px; line-height: 42px; margin-bottom: 20px;\"><span class=\"quotemark\" style=\"font-size: 232px; float: left; vertical-align: top; line-height: 1; margin-right: 20px;\">&#8220;<\/span>An organization\u2019s greatest strength is its people\u2014<strong>their passion, skills, and commitment turn challenges into opportunities and ideas into reality.<\/strong><\/p><p><span class=\"names\" style=\"display: block; text-align: right;\">Sergio Rago; Juan Pablo Queirolo.<\/span><\/p>\t\t\t\t\t\t\t\t<\/div>\n\t\t\t\t<\/div>\n\t\t\t\t<div class=\"elementor-element elementor-element-e4a262a elementor-widget elementor-widget-image\" data-id=\"e4a262a\" data-element_type=\"widget\" data-e-type=\"widget\" data-widget_type=\"image.default\">\n\t\t\t\t<div class=\"elementor-widget-container\">\n\t\t\t\t\t\t\t\t\t\t\t\t\t\t\t<img fetchpriority=\"high\" decoding=\"async\" width=\"1600\" height=\"1200\" src=\"https:\/\/ralesur.com.uy\/wp-content\/uploads\/2025\/03\/ralesur_equipo.jpg\" class=\"attachment-full size-full wp-image-488\" alt=\"\" srcset=\"https:\/\/ralesur.com.uy\/wp-content\/uploads\/2025\/03\/ralesur_equipo.jpg 1600w, https:\/\/ralesur.com.uy\/wp-content\/uploads\/2025\/03\/ralesur_equipo-300x225.jpg 300w, https:\/\/ralesur.com.uy\/wp-content\/uploads\/2025\/03\/ralesur_equipo-1024x768.jpg 1024w, https:\/\/ralesur.com.uy\/wp-content\/uploads\/2025\/03\/ralesur_equipo-768x576.jpg 768w, https:\/\/ralesur.com.uy\/wp-content\/uploads\/2025\/03\/ralesur_equipo-1536x1152.jpg 1536w\" sizes=\"(max-width: 1600px) 100vw, 1600px\" \/>\t\t\t\t\t\t\t\t\t\t\t\t\t\t\t<\/div>\n\t\t\t\t<\/div>\n\t\t\t\t\t<\/div>\n\t\t<\/div>\n\t\t\t\t\t<\/div>\n\t\t<\/section>\n\t\t\t\t<\/div>","protected":false},"excerpt":{"rendered":"<p>Misi\u00f3n, Visi\u00f3n y Valores Misi\u00f3n Contribuir con el crecimiento de nuestros clientes, aplicando el concepto de log\u00edstica 360. Visi\u00f3n Nuestro compromiso es ser tu mejor opci\u00f3n, tu mejor experiencia. Valores Personas Integridad Confianza Flexibilidad Innovaci\u00f3n Proactividad Calidad Accede y conoce nuestra pol\u00edtica de gesti\u00f3n integrada. Ver documento &#8220;La mayor fortaleza de una organizaci\u00f3n es su &#8230; <a title=\"Ralesur Group\" class=\"read-more\" href=\"https:\/\/ralesur.com.uy\/en\/grupo-ralesur\/\" aria-label=\"Read more about Grupo Ralesur\">Read more<\/a><\/p>","protected":false},"author":1,"featured_media":0,"parent":0,"menu_order":0,"comment_status":"closed","ping_status":"closed","template":"","meta":{"nf_dc_page":"","inline_featured_image":false,"footnotes":""},"class_list":["post-365","page","type-page","status-publish"],"_links":{"self":[{"href":"https:\/\/ralesur.com.uy\/en\/wp-json\/wp\/v2\/pages\/365","targetHints":{"allow":["GET"]}}],"collection":[{"href":"https:\/\/ralesur.com.uy\/en\/wp-json\/wp\/v2\/pages"}],"about":[{"href":"https:\/\/ralesur.com.uy\/en\/wp-json\/wp\/v2\/types\/page"}],"author":[{"embeddable":true,"href":"https:\/\/ralesur.com.uy\/en\/wp-json\/wp\/v2\/users\/1"}],"replies":[{"embeddable":true,"href":"https:\/\/ralesur.com.uy\/en\/wp-json\/wp\/v2\/comments?post=365"}],"version-history":[{"count":5,"href":"https:\/\/ralesur.com.uy\/en\/wp-json\/wp\/v2\/pages\/365\/revisions"}],"predecessor-version":[{"id":660,"href":"https:\/\/ralesur.com.uy\/en\/wp-json\/wp\/v2\/pages\/365\/revisions\/660"}],"wp:attachment":[{"href":"https:\/\/ralesur.com.uy\/en\/wp-json\/wp\/v2\/media?parent=365"}],"curies":[{"name":"wp","href":"https:\/\/api.w.org\/{rel}","templated":true}]}}