{"id":310,"date":"2025-01-15T10:35:55","date_gmt":"2025-01-15T13:35:55","guid":{"rendered":"https:\/\/ralesur.com.uy\/?page_id=310"},"modified":"2026-03-25T14:57:54","modified_gmt":"2026-03-25T17:57:54","slug":"documentos-de-interes","status":"publish","type":"page","link":"https:\/\/ralesur.com.uy\/en\/documentos-de-interes\/","title":{"rendered":"Documents of interest"},"content":{"rendered":"<div data-elementor-type=\"wp-page\" data-elementor-id=\"310\" class=\"elementor elementor-310\" data-elementor-post-type=\"page\">\n\t\t\t\t\t\t<section class=\"elementor-section elementor-top-section elementor-element elementor-element-4bf6396 elementor-section-boxed elementor-section-height-default elementor-section-height-default\" data-id=\"4bf6396\" data-element_type=\"section\" data-e-type=\"section\">\n\t\t\t\t\t\t<div class=\"elementor-container elementor-column-gap-default\">\n\t\t\t\t\t<div class=\"elementor-column elementor-col-100 elementor-top-column elementor-element elementor-element-109ede6\" data-id=\"109ede6\" data-element_type=\"column\" data-e-type=\"column\">\n\t\t\t<div class=\"elementor-widget-wrap elementor-element-populated\">\n\t\t\t\t\t\t<div class=\"elementor-element elementor-element-3dd27d5 elementor-widget elementor-widget-heading\" data-id=\"3dd27d5\" data-element_type=\"widget\" data-e-type=\"widget\" data-widget_type=\"heading.default\">\n\t\t\t\t<div class=\"elementor-widget-container\">\n\t\t\t\t\t<h2 class=\"elementor-heading-title elementor-size-default\">Documents of interest<\/h2>\t\t\t\t<\/div>\n\t\t\t\t<\/div>\n\t\t\t\t<div class=\"elementor-element elementor-element-9b3cf48 elementor-widget elementor-widget-text-editor\" data-id=\"9b3cf48\" data-element_type=\"widget\" data-e-type=\"widget\" data-widget_type=\"text-editor.default\">\n\t\t\t\t<div class=\"elementor-widget-container\">\n\t\t\t\t\t\t\t\t\t<ul>\n \t<li><a href=\"http:\/\/ralesur.com.uy\/wp-content\/uploads\/2025\/03\/Grupo-Ralesur-Tabla-de-Conversion.pdf\" target=\"_blank\" rel=\"noopener\">Conversion Table<\/a><\/li>\n \t<li><a href=\"http:\/\/ralesur.com.uy\/wp-content\/uploads\/2025\/03\/Grupo-Ralesur-Terminologia-en-fletes-aereo-y-maritimo.pdf\" target=\"_blank\" rel=\"noopener\">Terminology in Air and Sea Freight.<\/a><\/li>\n \t<li><a href=\"http:\/\/ralesur.com.uy\/wp-content\/uploads\/2025\/03\/Grupo-Ralesur-Descripcion-de-Camiones.pdf\" target=\"_blank\" rel=\"noopener\">Truck Description.<\/a><\/li>\n \t<li><a href=\"http:\/\/ralesur.com.uy\/wp-content\/uploads\/2025\/03\/Grupo-Ralesur-Descripcion-de-Contenedores-Maritimos.pdf\" target=\"_blank\" rel=\"noopener\">Description of Maritime Containers.<\/a><\/li>\n \t<li><a href=\"http:\/\/ralesur.com.uy\/wp-content\/uploads\/2025\/03\/Grupo-Ralesur-Utilizacion-de-pallets-aereos.pdf\" target=\"_blank\" rel=\"noopener\">Use of air pallets.<\/a><\/li>\n \t<li><a href=\"http:\/\/ralesur.com.uy\/wp-content\/uploads\/2026\/03\/POLITICA-SGI.pdf\" target=\"_blank\" rel=\"noopener\">Politica de Gesti\u00f3n Integrada.<\/a><\/li>\n<\/ul>\t\t\t\t\t\t\t\t<\/div>\n\t\t\t\t<\/div>\n\t\t\t\t\t<\/div>\n\t\t<\/div>\n\t\t\t\t\t<\/div>\n\t\t<\/section>\n\t\t\t\t<\/div>","protected":false},"excerpt":{"rendered":"<p>Documentos de inter\u00e9s Tabla de Conversi\u00f3n Terminolog\u00eda en Fletes \u00c1ereo y Mar\u00edtimo. Descripci\u00f3n de Camiones. Descripci\u00f3n de Contenedores Mar\u00edtimos. Utilizaci\u00f3n de pallets a\u00e9reos. Politica de Gesti\u00f3n Integrada.<\/p>","protected":false},"author":1,"featured_media":0,"parent":0,"menu_order":0,"comment_status":"closed","ping_status":"closed","template":"","meta":{"nf_dc_page":"","inline_featured_image":false,"footnotes":""},"class_list":["post-310","page","type-page","status-publish"],"_links":{"self":[{"href":"https:\/\/ralesur.com.uy\/en\/wp-json\/wp\/v2\/pages\/310","targetHints":{"allow":["GET"]}}],"collection":[{"href":"https:\/\/ralesur.com.uy\/en\/wp-json\/wp\/v2\/pages"}],"about":[{"href":"https:\/\/ralesur.com.uy\/en\/wp-json\/wp\/v2\/types\/page"}],"author":[{"embeddable":true,"href":"https:\/\/ralesur.com.uy\/en\/wp-json\/wp\/v2\/users\/1"}],"replies":[{"embeddable":true,"href":"https:\/\/ralesur.com.uy\/en\/wp-json\/wp\/v2\/comments?post=310"}],"version-history":[{"count":5,"href":"https:\/\/ralesur.com.uy\/en\/wp-json\/wp\/v2\/pages\/310\/revisions"}],"predecessor-version":[{"id":663,"href":"https:\/\/ralesur.com.uy\/en\/wp-json\/wp\/v2\/pages\/310\/revisions\/663"}],"wp:attachment":[{"href":"https:\/\/ralesur.com.uy\/en\/wp-json\/wp\/v2\/media?parent=310"}],"curies":[{"name":"wp","href":"https:\/\/api.w.org\/{rel}","templated":true}]}}